{"id":731,"date":"2018-11-30T09:36:14","date_gmt":"2018-11-30T06:36:14","guid":{"rendered":"https:\/\/loogilusalong.ee\/?page_id=731"},"modified":"2024-05-22T13:24:10","modified_gmt":"2024-05-22T10:24:10","slug":"test-bron-teht","status":"publish","type":"page","link":"https:\/\/loogilusalong.ee\/ru\/test-bron-teht\/","title":{"rendered":"Meist rus"},"content":{"rendered":"<p><\/p>\n<div class=\"row\">\n<div class=\"col-md-12\">\n<p>Tere tulemast uude salongi Lasnam\u00e4el Virbi t\u00e4naval! Pakume laias valikus juuksuriteenuseid meestele, naistele ja lastele, eri liiki massaa\u017ei, manik\u00fc\u00fcri, pedik\u00fc\u00fcri ja solaariumi. Meilt v\u00f5ite osta ka k\u00f5ike vajalikku koduseks juuksehoolduseks.<\/p>\n<\/div>\n<\/div>\n<p>&nbsp;<\/p>\n<div class=\"row clearfix\">\n<div class=\"gallery\">\n<a href=\"https:\/\/loogilusalong.ee\/wp-content\/uploads\/2016\/06\/MG_3480.jpg\"> <img decoding=\"async\" class=\"gallery-item col-md-3 col-sm-6 col-xs-12\" src=\"https:\/\/loogilusalong.ee\/wp-content\/uploads\/2016\/06\/MG_3480.jpg\" alt=\"\" \/><\/a>\n<a href=\"https:\/\/loogilusalong.ee\/wp-content\/uploads\/2016\/06\/MG_3476.jpg\"> <img decoding=\"async\" class=\"gallery-item col-md-3 col-sm-6 col-xs-12\" src=\"https:\/\/loogilusalong.ee\/wp-content\/uploads\/2016\/06\/MG_3476.jpg\" alt=\"\" \/><\/a>\n<a href=\"https:\/\/loogilusalong.ee\/wp-content\/uploads\/2016\/06\/MG_3473.jpg\"> <img decoding=\"async\" class=\"gallery-item col-md-3 col-sm-6 col-xs-12\" src=\"https:\/\/loogilusalong.ee\/wp-content\/uploads\/2016\/06\/MG_3473.jpg\" alt=\"\" \/><\/a>\n<a href=\"https:\/\/loogilusalong.ee\/wp-content\/uploads\/2016\/06\/MG_3470.jpg\"> <img decoding=\"async\" class=\"gallery-item col-md-3 col-sm-6 col-xs-12\" src=\"https:\/\/loogilusalong.ee\/wp-content\/uploads\/2016\/06\/MG_3470.jpg\" alt=\"\" \/><\/a>\n<a href=\"https:\/\/loogilusalong.ee\/wp-content\/uploads\/2016\/06\/MG_3465.jpg\"> <img decoding=\"async\" class=\"gallery-item col-md-3 col-sm-6 col-xs-12\" src=\"https:\/\/loogilusalong.ee\/wp-content\/uploads\/2016\/06\/MG_3465.jpg\" alt=\"\" \/><\/a>\n<a href=\"https:\/\/loogilusalong.ee\/wp-content\/uploads\/2016\/06\/MG_3452.jpg\"> <img decoding=\"async\" class=\"gallery-item col-md-3 col-sm-6 col-xs-12\" src=\"https:\/\/loogilusalong.ee\/wp-content\/uploads\/2016\/06\/MG_3452.jpg\" alt=\"\" \/><\/a>\n<a href=\"https:\/\/loogilusalong.ee\/wp-content\/uploads\/2016\/06\/MG_3450.jpg\"> <img decoding=\"async\" class=\"gallery-item col-md-3 col-sm-6 col-xs-12\" src=\"https:\/\/loogilusalong.ee\/wp-content\/uploads\/2016\/06\/MG_3450.jpg\" alt=\"\" \/><\/a>\n<a href=\"https:\/\/loogilusalong.ee\/wp-content\/uploads\/2016\/06\/MG_3447.jpg\"> <img decoding=\"async\" class=\"gallery-item col-md-3 col-sm-6 col-xs-12\" src=\"https:\/\/loogilusalong.ee\/wp-content\/uploads\/2016\/06\/MG_3447.jpg\" alt=\"\" \/><\/a>\n<\/div>\n\n<p><\/p>","protected":false},"excerpt":{"rendered":"<p>Tere tulemast uude salongi Lasnam\u00e4el Virbi t\u00e4naval! Pakume laias valikus juuksuriteenuseid meestele, naistele ja lastele, eri liiki massaa\u017ei, manik\u00fc\u00fcri, pedik\u00fc\u00fcri ja solaariumi. Meilt v\u00f5ite osta ka k\u00f5ike vajalikku koduseks juuksehoolduseks. &nbsp;<\/p>\n","protected":false},"author":1,"featured_media":0,"parent":0,"menu_order":0,"comment_status":"closed","ping_status":"closed","template":"","meta":{"footnotes":""},"class_list":["post-731","page","type-page","status-publish","hentry"],"_links":{"self":[{"href":"https:\/\/loogilusalong.ee\/ru\/wp-json\/wp\/v2\/pages\/731","targetHints":{"allow":["GET"]}}],"collection":[{"href":"https:\/\/loogilusalong.ee\/ru\/wp-json\/wp\/v2\/pages"}],"about":[{"href":"https:\/\/loogilusalong.ee\/ru\/wp-json\/wp\/v2\/types\/page"}],"author":[{"embeddable":true,"href":"https:\/\/loogilusalong.ee\/ru\/wp-json\/wp\/v2\/users\/1"}],"replies":[{"embeddable":true,"href":"https:\/\/loogilusalong.ee\/ru\/wp-json\/wp\/v2\/comments?post=731"}],"version-history":[{"count":14,"href":"https:\/\/loogilusalong.ee\/ru\/wp-json\/wp\/v2\/pages\/731\/revisions"}],"predecessor-version":[{"id":833,"href":"https:\/\/loogilusalong.ee\/ru\/wp-json\/wp\/v2\/pages\/731\/revisions\/833"}],"wp:attachment":[{"href":"https:\/\/loogilusalong.ee\/ru\/wp-json\/wp\/v2\/media?parent=731"}],"curies":[{"name":"wp","href":"https:\/\/api.w.org\/{rel}","templated":true}]}}